{"id":31,"date":"2022-05-31T09:49:08","date_gmt":"2022-05-31T12:49:08","guid":{"rendered":"https:\/\/unimedmaisqueumplano.com.br\/blog\/?page_id=31"},"modified":"2022-09-16T09:18:39","modified_gmt":"2022-09-16T12:18:39","slug":"blog-unimed-sc","status":"publish","type":"page","link":"https:\/\/unimedmaisqueumplano.com.br\/blog\/","title":{"rendered":"Home Blog Saber \u00e9 + Unimed SC"},"content":{"rendered":"<h1><strong>Blog Saber \u00e9 + Unimed SC<\/strong><\/h1>\n<p>Conhe\u00e7a o Saber \u00e9 +, o novo <strong>blog<\/strong> da <strong>Unimed SC.<br \/>\n<\/strong>Conte\u00fados exclusivos\u00a0 sobre sa\u00fade, bem-estar e preven\u00e7\u00e3o. Saber \u00e9 + sa\u00fade e qualidade de vida para voc\u00ea.<\/p>\n<p>Leia e saiba mais!<\/p>\n<p>&nbsp;<\/p>\n<h2><strong>Blog Saber \u00e9 + : Conte\u00fado de qualidade na palma da sua m\u00e3o<\/strong><\/h2>\n<p><span style=\"font-weight: 400;\">Quando o assunto \u00e9 <\/span><b>sa\u00fade e bem-estar<\/b><span style=\"font-weight: 400;\">, n\u00f3s precisamos ter uma aten\u00e7\u00e3o especial.<\/span><\/p>\n<p><span style=\"font-weight: 400;\">Afinal, inclu\u00ed-las em sua rotina \u00e9 a melhor op\u00e7\u00e3o.<\/span><\/p>\n<p>&nbsp;<\/p>\n<h2>Conhe\u00e7a o blog Saber \u00e9 + Unimed SC<\/h2>\n<p><span style=\"font-weight: 400;\">Com o blog da Unimed SC,\u00a0 o Saber \u00e9 +, voc\u00ea encontra:<\/span><\/p>\n<ol>\n<li><span style=\"font-weight: 400;\">+ Medicina Preventiva para garantir qualidade de vida ;<\/span><\/li>\n<li><span style=\"font-weight: 400;\">+ Dicas de preven\u00e7\u00e3o para manter sua sa\u00fade sempre em dia;<\/span><\/li>\n<li><span style=\"font-weight: 400;\">+ Informa\u00e7\u00f5es para o cuidado do corpo e da mente;<\/span><\/li>\n<li><span style=\"font-weight: 400;\">+ Novidades da maior cooperativa m\u00e9dica do mundo.<\/span><\/li>\n<\/ol>\n<p><span style=\"font-weight: 400;\">Acesse agora nossos conte\u00fados exclusivos.\u00a0<\/span><\/p>\n<p><span style=\"font-weight: 400;\">Coloque a sua sa\u00fade em primeiro plano com o <strong><a href=\"https:\/\/unimedmaisqueumplano.com.br\/blog\/\">blog Saber \u00e9 +<\/a>.<\/strong><\/span><\/p>\n<h2>Conhe\u00e7a a Unimed<\/h2>\n<p><span style=\"font-weight: 400;\">Somos<\/span> <span style=\"font-weight: 400;\">refer\u00eancia no cuidado da vida. Com mais de <\/span><b>50 anos de experi\u00eancia<\/b><span style=\"font-weight: 400;\"> no estado, n\u00f3s temos o <\/span><b>plano de sa\u00fade mais lembrado <\/b><span style=\"font-weight: 400;\">pelos catarinenses<\/span><b>. <\/b><span style=\"font-weight: 400;\">Afinal, somos uma <\/span><b>cooperativa criada e gerida por m\u00e9dicos<\/b><span style=\"font-weight: 400;\">.<\/span> <span style=\"font-weight: 400;\">\u00a0<\/span><\/p>\n<p>Com mais de <strong>1 milh\u00e3o de benefici\u00e1rios<\/strong>, a Unimed \u00e9 o \u00fanico plano de sa\u00fade que atende <strong>100% de Santa Catarina<\/strong>. Assim, fazendo de n\u00f3s a sua melhor op\u00e7\u00e3o.<\/p>\n<p>&nbsp;<\/p>\n<h3><b>Nossa especialidade \u00e9 cuidar de voc\u00ea<\/b><\/h3>\n<p><span style=\"font-weight: 400;\">Conte com uma equipe qualificada de ponta a ponta.\u00a0 Proteja sua sa\u00fade. Esteja ao lado de quem realmente entende do assunto.\u00a0<\/span><span style=\"font-weight: 400;\"><br \/>\n<\/span><\/p>\n<p><span style=\"font-weight: 400;\">Primeiramente garanta mais sa\u00fade para voc\u00ea, para sua fam\u00edlia e para sua empresa. A Unimed tem o cuidado humanizado centrado na sua necessidade.<\/span><\/p>\n<p>Ent\u00e3o traga mais vantagens para sua vida. Pois n\u00f3s somos o \u00fanico plano com vantagens de ponta a ponta.<\/p>\n<p>&nbsp;<\/p>\n<h3><b>Vantagens para a vida toda<\/b><\/h3>\n<p><span style=\"font-weight: 400;\">Enquanto nossos clientes cuidam da sa\u00fade eles ganham benef\u00edcios exclusivos.<\/span><\/p>\n<p>&nbsp;<\/p>\n<ol>\n<li><b>Cuidado: <\/b><span style=\"font-weight: 400;\">Programas exclusivos de acompanhamento centrados no paciente.<\/span><\/li>\n<li><b>Benef\u00edcios: <\/b><span style=\"font-weight: 400;\">Meu Clube +, o clube de vantagens ideal para quem quer curtir a vida sem gastar muito.<\/span><\/li>\n<li><b>Descontos: <\/b><span style=\"font-weight: 400;\">At\u00e9 35% de desconto em medicamentos em farm\u00e1cias credenciadas.<\/span><\/li>\n<\/ol>\n<p><span style=\"font-weight: 400;\">Ent\u00e3o, conte com uma equipe qualificada de ponta a ponta.\u00a0 Proteja sua sa\u00fade estando ao lado de quem realmente entende do assunto.<\/span><span style=\"font-weight: 400;\"><br \/>\n<\/span><\/p>\n<p><span style=\"font-weight: 400;\">Portanto, fa\u00e7a como 1 a cada 7 catarinenses, tenha a prote\u00e7\u00e3o da maior cooperativa m\u00e9dica do mundo. <a href=\"https:\/\/conteudos.unimedmaisqueumplano.com.br\/somos-mais-por-voce\"><strong>Vem ser Unimed<\/strong><\/a>.<\/span><\/p>\n<p><img loading=\"lazy\" decoding=\"async\" class=\"aligncenter wp-image-96 size-full\" title=\"Blog Unimed SC - Saber \u00e9 +\" src=\"https:\/\/unimedmaisqueumplano.com.br\/blog\/wp-content\/uploads\/2022\/06\/logo_footer.png\" alt=\"Blog Unimed SC - Saber \u00e9 +\" width=\"214\" height=\"94\" \/><\/p>\n","protected":false},"excerpt":{"rendered":"<p>Conhe\u00e7a o Saber \u00e9 +, o novo blog da Unimed SC. Conte\u00fados exclusivos\u00a0sobre sa\u00fade, bem-estar e preven\u00e7\u00e3o. <\/p>\n","protected":false},"author":7,"featured_media":0,"parent":0,"menu_order":0,"comment_status":"closed","ping_status":"closed","template":"index.php","meta":{"footnotes":""},"class_list":["post-31","page","type-page","status-publish","hentry"],"yoast_head":"<!-- This site is optimized with the Yoast SEO plugin v25.7 - https:\/\/yoast.com\/wordpress\/plugins\/seo\/ -->\n<title>Home Blog Saber \u00e9 + Unimed SC - Saber \u00e9 +<\/title>\n<meta name=\"description\" content=\"Acesse o blog Saber \u00e9 + da Unimed SC e encontre conte\u00fados exclusivos sobre sa\u00fade, bem-estar e preven\u00e7\u00e3o. Vem ser + Unimed.\" \/>\n<meta name=\"robots\" content=\"index, follow, max-snippet:-1, max-image-preview:large, max-video-preview:-1\" \/>\n<link rel=\"canonical\" href=\"https:\/\/unimedmaisqueumplano.com.br\/blog\/\" \/>\n<meta property=\"og:locale\" content=\"pt_BR\" \/>\n<meta property=\"og:type\" content=\"article\" \/>\n<meta property=\"og:title\" content=\"Unimed - Blog Saber \u00e9+\" \/>\n<meta property=\"og:description\" content=\"Acesse o blog Saber \u00e9 + da Unimed SC e encontre conte\u00fados exclusivos sobre sa\u00fade, bem-estar e preven\u00e7\u00e3o. Vem ser + Unimed.\" \/>\n<meta property=\"og:url\" content=\"https:\/\/unimedmaisqueumplano.com.br\/blog\/\" \/>\n<meta property=\"og:site_name\" content=\"Saber \u00e9 +\" \/>\n<meta property=\"article:modified_time\" content=\"2022-09-16T12:18:39+00:00\" \/>\n<meta property=\"og:image\" content=\"https:\/\/unimedmaisqueumplano.com.br\/blog\/wp-content\/uploads\/2022\/09\/Blog-Unimed-SC.png\" \/>\n\t<meta property=\"og:image:width\" content=\"1080\" \/>\n\t<meta property=\"og:image:height\" content=\"1080\" \/>\n\t<meta property=\"og:image:type\" content=\"image\/png\" \/>\n<meta name=\"twitter:card\" content=\"summary_large_image\" \/>\n<meta name=\"twitter:title\" content=\"Unimed - Blog Saber \u00e9+\" \/>\n<meta name=\"twitter:description\" content=\"Acesse o blog Saber \u00e9 + da Unimed SC e encontre conte\u00fados exclusivos sobre sa\u00fade, bem-estar e preven\u00e7\u00e3o. Vem ser + Unimed.\" \/>\n<meta name=\"twitter:image\" content=\"https:\/\/unimedmaisqueumplano.com.br\/blog\/wp-content\/uploads\/2022\/09\/Blog-Unimed-SC.png\" \/>\n<meta name=\"twitter:label1\" content=\"Est. tempo de leitura\" \/>\n\t<meta name=\"twitter:data1\" content=\"3 minutos\" \/>\n<script type=\"application\/ld+json\" class=\"yoast-schema-graph\">{\"@context\":\"https:\/\/schema.org\",\"@graph\":[{\"@type\":\"WebPage\",\"@id\":\"https:\/\/unimedmaisqueumplano.com.br\/blog\/\",\"url\":\"https:\/\/unimedmaisqueumplano.com.br\/blog\/\",\"name\":\"Home Blog Saber \u00e9 + Unimed SC - Saber \u00e9 +\",\"isPartOf\":{\"@id\":\"https:\/\/unimedmaisqueumplano.com.br\/blog\/#website\"},\"primaryImageOfPage\":{\"@id\":\"https:\/\/unimedmaisqueumplano.com.br\/blog\/#primaryimage\"},\"image\":{\"@id\":\"https:\/\/unimedmaisqueumplano.com.br\/blog\/#primaryimage\"},\"thumbnailUrl\":\"https:\/\/unimedmaisqueumplano.com.br\/blog\/wp-content\/uploads\/2022\/06\/logo_footer.png\",\"datePublished\":\"2022-05-31T12:49:08+00:00\",\"dateModified\":\"2022-09-16T12:18:39+00:00\",\"description\":\"Acesse o blog Saber \u00e9 + da Unimed SC e encontre conte\u00fados exclusivos sobre sa\u00fade, bem-estar e preven\u00e7\u00e3o. Vem ser + Unimed.\",\"breadcrumb\":{\"@id\":\"https:\/\/unimedmaisqueumplano.com.br\/blog\/#breadcrumb\"},\"inLanguage\":\"pt-BR\",\"potentialAction\":[{\"@type\":\"ReadAction\",\"target\":[\"https:\/\/unimedmaisqueumplano.com.br\/blog\/\"]}]},{\"@type\":\"ImageObject\",\"inLanguage\":\"pt-BR\",\"@id\":\"https:\/\/unimedmaisqueumplano.com.br\/blog\/#primaryimage\",\"url\":\"https:\/\/unimedmaisqueumplano.com.br\/blog\/wp-content\/uploads\/2022\/06\/logo_footer.png\",\"contentUrl\":\"https:\/\/unimedmaisqueumplano.com.br\/blog\/wp-content\/uploads\/2022\/06\/logo_footer.png\",\"width\":214,\"height\":94,\"caption\":\"Logotipo\"},{\"@type\":\"BreadcrumbList\",\"@id\":\"https:\/\/unimedmaisqueumplano.com.br\/blog\/#breadcrumb\",\"itemListElement\":[{\"@type\":\"ListItem\",\"position\":1,\"name\":\"In\u00edcio\",\"item\":\"https:\/\/unimedmaisqueumplano.com.br\/blog\/\"},{\"@type\":\"ListItem\",\"position\":2,\"name\":\"Home Blog Saber \u00e9 + Unimed SC\"}]},{\"@type\":\"WebSite\",\"@id\":\"https:\/\/unimedmaisqueumplano.com.br\/blog\/#website\",\"url\":\"https:\/\/unimedmaisqueumplano.com.br\/blog\/\",\"name\":\"Saber \u00e9 +\",\"description\":\"Somos mais por voc\u00ea!\",\"publisher\":{\"@id\":\"https:\/\/unimedmaisqueumplano.com.br\/blog\/#organization\"},\"potentialAction\":[{\"@type\":\"SearchAction\",\"target\":{\"@type\":\"EntryPoint\",\"urlTemplate\":\"https:\/\/unimedmaisqueumplano.com.br\/blog\/?s={search_term_string}\"},\"query-input\":{\"@type\":\"PropertyValueSpecification\",\"valueRequired\":true,\"valueName\":\"search_term_string\"}}],\"inLanguage\":\"pt-BR\"},{\"@type\":\"Organization\",\"@id\":\"https:\/\/unimedmaisqueumplano.com.br\/blog\/#organization\",\"name\":\"Unimed Santa Catarina\",\"url\":\"https:\/\/unimedmaisqueumplano.com.br\/blog\/\",\"logo\":{\"@type\":\"ImageObject\",\"inLanguage\":\"pt-BR\",\"@id\":\"https:\/\/unimedmaisqueumplano.com.br\/blog\/#\/schema\/logo\/image\/\",\"url\":\"https:\/\/unimedmaisqueumplano.com.br\/blog\/wp-content\/uploads\/2022\/07\/logo.png\",\"contentUrl\":\"https:\/\/unimedmaisqueumplano.com.br\/blog\/wp-content\/uploads\/2022\/07\/logo.png\",\"width\":145,\"height\":53,\"caption\":\"Unimed Santa Catarina\"},\"image\":{\"@id\":\"https:\/\/unimedmaisqueumplano.com.br\/blog\/#\/schema\/logo\/image\/\"}}]}<\/script>\n<!-- \/ Yoast SEO plugin. -->","yoast_head_json":{"title":"Home Blog Saber \u00e9 + Unimed SC - Saber \u00e9 +","description":"Acesse o blog Saber \u00e9 + da Unimed SC e encontre conte\u00fados exclusivos sobre sa\u00fade, bem-estar e preven\u00e7\u00e3o. Vem ser + Unimed.","robots":{"index":"index","follow":"follow","max-snippet":"max-snippet:-1","max-image-preview":"max-image-preview:large","max-video-preview":"max-video-preview:-1"},"canonical":"https:\/\/unimedmaisqueumplano.com.br\/blog\/","og_locale":"pt_BR","og_type":"article","og_title":"Unimed - Blog Saber \u00e9+","og_description":"Acesse o blog Saber \u00e9 + da Unimed SC e encontre conte\u00fados exclusivos sobre sa\u00fade, bem-estar e preven\u00e7\u00e3o. Vem ser + Unimed.","og_url":"https:\/\/unimedmaisqueumplano.com.br\/blog\/","og_site_name":"Saber \u00e9 +","article_modified_time":"2022-09-16T12:18:39+00:00","og_image":[{"width":1080,"height":1080,"url":"https:\/\/unimedmaisqueumplano.com.br\/blog\/wp-content\/uploads\/2022\/09\/Blog-Unimed-SC.png","type":"image\/png"}],"twitter_card":"summary_large_image","twitter_title":"Unimed - Blog Saber \u00e9+","twitter_description":"Acesse o blog Saber \u00e9 + da Unimed SC e encontre conte\u00fados exclusivos sobre sa\u00fade, bem-estar e preven\u00e7\u00e3o. Vem ser + Unimed.","twitter_image":"https:\/\/unimedmaisqueumplano.com.br\/blog\/wp-content\/uploads\/2022\/09\/Blog-Unimed-SC.png","twitter_misc":{"Est. tempo de leitura":"3 minutos"},"schema":{"@context":"https:\/\/schema.org","@graph":[{"@type":"WebPage","@id":"https:\/\/unimedmaisqueumplano.com.br\/blog\/","url":"https:\/\/unimedmaisqueumplano.com.br\/blog\/","name":"Home Blog Saber \u00e9 + Unimed SC - Saber \u00e9 +","isPartOf":{"@id":"https:\/\/unimedmaisqueumplano.com.br\/blog\/#website"},"primaryImageOfPage":{"@id":"https:\/\/unimedmaisqueumplano.com.br\/blog\/#primaryimage"},"image":{"@id":"https:\/\/unimedmaisqueumplano.com.br\/blog\/#primaryimage"},"thumbnailUrl":"https:\/\/unimedmaisqueumplano.com.br\/blog\/wp-content\/uploads\/2022\/06\/logo_footer.png","datePublished":"2022-05-31T12:49:08+00:00","dateModified":"2022-09-16T12:18:39+00:00","description":"Acesse o blog Saber \u00e9 + da Unimed SC e encontre conte\u00fados exclusivos sobre sa\u00fade, bem-estar e preven\u00e7\u00e3o. Vem ser + Unimed.","breadcrumb":{"@id":"https:\/\/unimedmaisqueumplano.com.br\/blog\/#breadcrumb"},"inLanguage":"pt-BR","potentialAction":[{"@type":"ReadAction","target":["https:\/\/unimedmaisqueumplano.com.br\/blog\/"]}]},{"@type":"ImageObject","inLanguage":"pt-BR","@id":"https:\/\/unimedmaisqueumplano.com.br\/blog\/#primaryimage","url":"https:\/\/unimedmaisqueumplano.com.br\/blog\/wp-content\/uploads\/2022\/06\/logo_footer.png","contentUrl":"https:\/\/unimedmaisqueumplano.com.br\/blog\/wp-content\/uploads\/2022\/06\/logo_footer.png","width":214,"height":94,"caption":"Logotipo"},{"@type":"BreadcrumbList","@id":"https:\/\/unimedmaisqueumplano.com.br\/blog\/#breadcrumb","itemListElement":[{"@type":"ListItem","position":1,"name":"In\u00edcio","item":"https:\/\/unimedmaisqueumplano.com.br\/blog\/"},{"@type":"ListItem","position":2,"name":"Home Blog Saber \u00e9 + Unimed SC"}]},{"@type":"WebSite","@id":"https:\/\/unimedmaisqueumplano.com.br\/blog\/#website","url":"https:\/\/unimedmaisqueumplano.com.br\/blog\/","name":"Saber \u00e9 +","description":"Somos mais por voc\u00ea!","publisher":{"@id":"https:\/\/unimedmaisqueumplano.com.br\/blog\/#organization"},"potentialAction":[{"@type":"SearchAction","target":{"@type":"EntryPoint","urlTemplate":"https:\/\/unimedmaisqueumplano.com.br\/blog\/?s={search_term_string}"},"query-input":{"@type":"PropertyValueSpecification","valueRequired":true,"valueName":"search_term_string"}}],"inLanguage":"pt-BR"},{"@type":"Organization","@id":"https:\/\/unimedmaisqueumplano.com.br\/blog\/#organization","name":"Unimed Santa Catarina","url":"https:\/\/unimedmaisqueumplano.com.br\/blog\/","logo":{"@type":"ImageObject","inLanguage":"pt-BR","@id":"https:\/\/unimedmaisqueumplano.com.br\/blog\/#\/schema\/logo\/image\/","url":"https:\/\/unimedmaisqueumplano.com.br\/blog\/wp-content\/uploads\/2022\/07\/logo.png","contentUrl":"https:\/\/unimedmaisqueumplano.com.br\/blog\/wp-content\/uploads\/2022\/07\/logo.png","width":145,"height":53,"caption":"Unimed Santa Catarina"},"image":{"@id":"https:\/\/unimedmaisqueumplano.com.br\/blog\/#\/schema\/logo\/image\/"}}]}},"_links":{"self":[{"href":"https:\/\/unimedmaisqueumplano.com.br\/blog\/wp-json\/wp\/v2\/pages\/31","targetHints":{"allow":["GET"]}}],"collection":[{"href":"https:\/\/unimedmaisqueumplano.com.br\/blog\/wp-json\/wp\/v2\/pages"}],"about":[{"href":"https:\/\/unimedmaisqueumplano.com.br\/blog\/wp-json\/wp\/v2\/types\/page"}],"author":[{"embeddable":true,"href":"https:\/\/unimedmaisqueumplano.com.br\/blog\/wp-json\/wp\/v2\/users\/7"}],"replies":[{"embeddable":true,"href":"https:\/\/unimedmaisqueumplano.com.br\/blog\/wp-json\/wp\/v2\/comments?post=31"}],"version-history":[{"count":42,"href":"https:\/\/unimedmaisqueumplano.com.br\/blog\/wp-json\/wp\/v2\/pages\/31\/revisions"}],"predecessor-version":[{"id":378,"href":"https:\/\/unimedmaisqueumplano.com.br\/blog\/wp-json\/wp\/v2\/pages\/31\/revisions\/378"}],"wp:attachment":[{"href":"https:\/\/unimedmaisqueumplano.com.br\/blog\/wp-json\/wp\/v2\/media?parent=31"}],"curies":[{"name":"wp","href":"https:\/\/api.w.org\/{rel}","templated":true}]}}